{"id":58,"date":"2021-11-12T13:01:13","date_gmt":"2021-11-12T12:01:13","guid":{"rendered":"http:\/\/xnrrvan.cluster031.hosting.ovh.net\/?page_id=58"},"modified":"2025-09-06T11:57:09","modified_gmt":"2025-09-06T09:57:09","slug":"formations","status":"publish","type":"page","link":"https:\/\/magnetiseurannecy.com\/index.php\/formations\/","title":{"rendered":"FORMATIONS"},"content":{"rendered":"\n<p class=\"has-text-align-center has-accent-color has-text-color has-large-font-size\"><strong>Formations 2025<\/strong><\/p>\n\n\n\n<ul class=\"wp-block-list\">\n<li><mark style=\"background-color:rgba(0, 0, 0, 0)\" class=\"has-inline-color has-header-gradient-color\"><strong><em>Cession du mercredi 19 f\u00e9vrier 2025 . <\/em><\/strong><\/mark><\/li>\n<\/ul>\n\n\n\n<figure class=\"wp-block-table\"><table class=\"has-accent-color has-text-color\"><tbody><tr><td><strong>D\u00e9sormais les formatons se feront individuellement \u00e0 la demande de chacun et sur rendez-vous le jour de votre choix.  <\/strong><br><strong>Niveau 1 et niveau 2 r\u00e9unis. <\/strong><br><strong>300\u20ac\/ personne,  en pr\u00e9sence \u00e0 ANNECY . <br>Parlons-en ensemble<\/strong>.<br><br><strong>Formations Energie Quantum\u00ae\u00a0 <\/strong>Contact Marie-Eve <strong>06 37 69 17 99<\/strong><br><br>\u00a0 \u00a0 \u00a0 \u00a0 \u00a0 \u00a0 \u00a0 \u00a0 \u00a0 \u00a0 \u00a0 \u00a0 \u00a0 \u00a0 \u00a0 \u00a0 \u00a0 \u00a0 \u00a0 \u00a0 \u00a0 \u00a0 \u00a0 \u00a0 <br>La formation Energie Quantum\u00ae comporte\u00a0\u00a02 niveaux: <br><br>Le niveau 1 enseigne les soins en pr\u00e9sencielle.<br><br>Le niveau 2 enseigne les soins \u00e0 distance, avec ou sans support.<br><br><strong>Propos\u00e9e\u00a0de 10h \u00e0 18h<\/strong> le jour de votre choix dimanche inclus.<br><br>Toujours en tr\u00e8s <strong>petit comit\u00e9<\/strong> 2 personnes maximum pour plus d&rsquo;\u00e9coute de compr\u00e9hension et de partages.<br><br><br>S&rsquo;adresse \u00e0 tous pour prendre soin de sa sant\u00e9, \u00e9voluer en pure conscience dans l&rsquo;amour de soi et de son prochain.<br><br>S&rsquo;adresse aussi aux th\u00e9rapeutes d\u00e9sirant\u00a0parfaire leur pratique et acc\u00e9der \u00e0 un niveau sup\u00e9rieur de conscience. <br><br><strong>Niveau 1 \u00a0\u00a0( toucher ) Essentiellement de la pratique guid\u00e9e sur table de soin.<\/strong> <br><br><strong>Niveau 2\u00a0\u00a0( soins \u00e0 distance) Seules ont accept\u00e9es les personnes ayant particip\u00e9\u00a0au\u00a0niveau 1.<\/strong> <br><br>Une magnifique opportunit\u00e9, pour d\u00e9velopper ou mieux accepter vos dons, et laisser d&rsquo;autres\u00a0capacit\u00e9s \u00e9merger &#8230;.\u00a0 Une ascension tant personnelle que professionnelle .\u00a0 Attention ce n&rsquo;est pas du reiki ! Cependant il va le renforcer comme toute autre technique. Plus simple et directe,\u00a0l&rsquo;Energie Quantum\u00ae allant directement par r\u00e9sonance dans l&rsquo; ADN va changer\u00a0votre vie et celle de vos proches comme elle a chang\u00e9 la notre. Se pratique avec le souffle quantique. <br>En pleine conscience. Vous \u00eates tent\u00e9s ? Rejoignez nous !\u00a0 <br>Appelez moi s&rsquo;il vous plait,\u00a0un entretien\u00a0pr\u00e9alable est n\u00e9cessaire\u00a0: 06 37 69 17 99\u00a0 \u00a0 \u00a0 \u00a0 \u00a0 \u00a0 \u00a0 \u00a0 \u00a0 \u00a0 \u00a0 <strong>\u00a0 \u00a0 \u00a0 \u00a0 \u00a0 \u00a0 \u00a0 \u00a0 \u00a0 \u00a0 <\/strong><br><br><strong>Energie Quantum\u00ae Touch(1) &amp; Healing(2)<\/strong><br><em>\u00abL\u2019univers et tout ce qu\u2019il contient est l\u2019expression d\u2019un champ de pure \u00e9nergie, ouvert \u00e0 l\u2019infini dans toutes les directions : le champ quantique. Et le mot qui s\u2019impose \u00e0 notre esprit lorsqu\u2019on tente de d\u00e9finir le champ, c\u2019est le mot \u00ab Etre \u00bb, avec un grand \u201cE\u201d. Une masse infinie de pure potentialit\u00e9 .<\/em> <em>Albert Einstein.<\/em> <strong>Qu\u2019est-ce que l\u2019Energie Quantum\u00ae ?<\/strong> L\u2019Energie Quantum\u00ae (EQ) repr\u00e9sente une perc\u00e9e significative dans les m\u00e9thodes de gu\u00e9rison&#8230;des plus pertinentes et tr\u00e8s efficace&#8230; Pour les professionnels ou non,<br>l\u2019Energie Quantum est un outil essentiel ! L\u2019Energie Quantum est une puissante approche holistique qui se base sur les principes scientifiques de r\u00e9sonance et d&rsquo;entra\u00eenement (fr\u00e9quences).<br>\u00a0<br>Bas\u00e9e sur les sagesse anciennes, cette\u00a0approche contemporaine favoris les auto-soins, la sant\u00e9 globale et l&rsquo;\u00e9quilibre \u00e0 la fois chez le patient et\u00a0le\u00a0praticien. \u00a0 \u00a0 \u00a0 \u00a0 \u00a0 \u00a0 \u00a0 \u00a0 \u00a0 \u00a0 \u00a0 \u00a0 \u00a0 \u00a0 \u00a0 \u00a0 \u00a0 \u00a0 \u00a0 \u00a0 \u00a0 \u00a0 \u00a0 \u00a0 \u00a0 \u00a0<br> Un toucher l\u00e9ger pratiqu\u00e9 avec une intention de bienveillance vise \u00e0 restaurer l&rsquo;\u00e9quilibre du syst\u00e8me \u00e9nerg\u00e9tique et soutenir la capacit\u00e9 naturelle du corps \u00e0 gu\u00e9rir.\u00a0 Le corps a une intelligence et une capacit\u00e9 extraordinaire \u00e0 se gu\u00e9rir. Le mot \u00ab\u00a0Quantique\u00a0\u00bb fait quant \u00e0 lui r\u00e9f\u00e9rence, \u00e0 l&rsquo;impact de l&rsquo;\u00e9nergie sur la mati\u00e8re. Si, en quelques secondes et\u00a0sous le simple effet d&rsquo;un effleurement, au niveau macroscopique, une vert\u00e8bre d\u00e9plac\u00e9e peut retrouver sa juste place, pouvez-vous imaginer ce qui se passe au niveau microscopique&#8230;au niveau de la cellule..? de l&rsquo;ADN ?LES BIENFAITS D\u2019ENERGIE QUANTUM\u00ae Touch &amp; Healing L\u2019Energie Quantum ( appelons l\u00e0 ici EQ\u00ae ), permet non seulement de transformer l&rsquo;alignement structurel (tel que scolioses, hanches non \u00e9quilibr\u00e9es, anomalies cr\u00e2niennes, etc.) mais \u00e9galement de r\u00e9duire rapidement la douleur et l&rsquo;inflammation. De plus, les organes, syst\u00e8mes et glandes peuvent rapidement retrouver leur sant\u00e9. Voici quelques bienfaits d\u2019EQ\u00ae Maux de dos \u00a0Sciatique sous toutes ses formes \u00a0Migraines \u00a0Probl\u00e8mes de genoux, hanches, etc\u2026 \u00a0Probl\u00e8mes d\u2019\u00e9paules \u00a0Pathologies physiques et \u00e9motionnelles Blocage en tout genres b\u00e9gaiements Maladie chronique ou h\u00e9r\u00e9ditaire Enur\u00e9sie\u00a0 Manque de confiance etc&#8230; Il n&rsquo;y a pas de manipulation physique avec l\u2019EQ\u00ae. Un simple et l\u00e9ger toucher est utilis\u00e9. EQ\u00ae a \u00e9t\u00e9 test\u00e9e dans des environnements cliniques et est utilis\u00e9e dans les h\u00f4pitaux et les salles d&rsquo;op\u00e9rations et a re\u00e7u l&rsquo;adh\u00e9sion de plusieurs m\u00e9decins, chirurgiens, infirmi\u00e8res, chiropraticiens, th\u00e9rapeutes en massage ainsi que d&rsquo;autres domaines compl\u00e9mentaires tels que: Accupression, Reiki, Qi Gong, Tai Chi, entra\u00eeneurs sportifs et plus\u2026 Pourquoi? Parce que EQ\u00ae est une m\u00e9thode s\u00e9curitaire et naturelle permettant\u00a0d&rsquo;accro\u00eetre l&rsquo;auto gu\u00e9rison. Le corps ne montre pas de limite\u00a0dans ce qu&rsquo;il est possible d&rsquo;accomplir. Votre corps contient une \u00e9nergie insondable d&rsquo;auto-gu\u00e9rison. Vous n&rsquo;avez pas \u00e0 \u00e9duquer votre corps dans la fa\u00e7on de vous gu\u00e9rir\u00a0 lorsque vous avez un doigt coup\u00e9, une contusion ou une fracture; votre corps poss\u00e8de la capacit\u00e9 inn\u00e9e de se gu\u00e9rir. Cependant, si votre sant\u00e9 et votre syst\u00e8me immunitaire sont faibles, vous n&rsquo;avez peut-\u00eatre pas toutes les capacit\u00e9s n\u00e9cessaires\u00a0pour vous \u00e9viter une maladie plus grave. L\u2019EQ vous donne tout simplement l&rsquo;\u00e9nergie requise\u00a0pour vous permettre d&rsquo;amorcer un soulagement. Le corps viendra en r\u00e9sonance avec le champ \u00e9nerg\u00e9tique produit\u00a0par le praticien d\u2019EQ\u00ae pour ainsi acc\u00e9l\u00e9rer le processus de\u00a0bien-\u00eatre. Bien que chaque personne r\u00e9agisse diff\u00e9remment \u00e0 l\u2019Energie Quantum,\u00a0des r\u00e9sultats r\u00e9ellement exceptionnels ont \u00e9t\u00e9 constat\u00e9s\u00a0par un grand nombre de professionnels de la sant\u00e9 et domaines connexes. L\u2019EQ\u00ae augmente l&rsquo;efficacit\u00e9 d&rsquo;un grand nombre de praticiens. Les masseurs peuvent arriver \u00e0 procurer\u00a0un \u00e9tat de d\u00e9tente plus profond et un soulagement plus rapide tandis que les ma\u00eetres Reiki disent que les r\u00e9sultats des sessions\u00a0sont fortement amplifi\u00e9s avec l\u2019EQ\u00ae. Les Chiropracteurs sont impressionn\u00e9s parce que les os reprennent\u00a0spontan\u00e9ment leur position correcte via un toucher l\u00e9ger. Les kin\u00e9sistes sont enthousiastes de la rapidit\u00e9\u00a0avec laquelle l\u2019EQ\u00ae diminue les inflammations. Les acuponcteurs, r\u00e9flexologues, praticiens de la kin\u00e9siologie\u00a0et autres praticiens s&rsquo;\u00e9tonnent constamment lorsqu&rsquo;ils utilisent \u00a0 l\u2019EQ\u00ae en association avec leur sp\u00e9cialit\u00e9. Les praticiens d\u00e9butant peuvent aussi utiliser EQ\u00ae Touch comme traitement dans leur pratique mais aussi \u00e0 distance EQ\u00ae healing. Ils peuvent gr\u00e2ce \u00e0 cela diminuer des douleurs, \u00e9quilibrer des \u00e9motions,\u00a0traiter des animaux domestiques, et encore tant d&rsquo;autres choses&#8230; Cette technique ne remplace en aucun cas les traitements m\u00e9dicaux et ne fait pas l\u2019objet d\u2019un diagnostic m\u00e9dical. <br><br>PARLONS EN !<br>06 37 69 17 99<br><\/td><\/tr><\/tbody><\/table><\/figure>\n\n\n\n<div class=\"wp-block-columns is-layout-flex wp-container-core-columns-is-layout-9d6595d7 wp-block-columns-is-layout-flex\">\n<div class=\"wp-block-column is-layout-flow wp-block-column-is-layout-flow\">\n<p><\/p>\n<\/div>\n<\/div>\n\n\n\n<div class=\"wp-block-columns is-layout-flex wp-container-core-columns-is-layout-9d6595d7 wp-block-columns-is-layout-flex\">\n<div class=\"wp-block-column is-layout-flow wp-block-column-is-layout-flow\" style=\"flex-basis:100%\">\n<p class=\"has-accent-color has-white-background-color has-text-color has-background has-small-font-size\"><strong> <\/strong><\/p>\n<\/div>\n<\/div>\n","protected":false},"excerpt":{"rendered":"<p>Formations 2025 D\u00e9sormais les formatons se feront individuellement \u00e0 la demande de chacun et sur rendez-vous le jour de votre choix. Niveau 1 et niveau 2 r\u00e9unis. 300\u20ac\/ personne, en pr\u00e9sence \u00e0 ANNECY . Parlons-en ensemble. Formations Energie Quantum\u00ae\u00a0 Contact Marie-Eve 06 37 69 17 99 \u00a0 \u00a0 \u00a0 \u00a0 [&hellip;]<\/p>\n","protected":false},"author":3,"featured_media":0,"parent":0,"menu_order":0,"comment_status":"closed","ping_status":"closed","template":"","meta":{"footnotes":""},"class_list":["post-58","page","type-page","status-publish","hentry"],"_links":{"self":[{"href":"https:\/\/magnetiseurannecy.com\/index.php\/wp-json\/wp\/v2\/pages\/58","targetHints":{"allow":["GET"]}}],"collection":[{"href":"https:\/\/magnetiseurannecy.com\/index.php\/wp-json\/wp\/v2\/pages"}],"about":[{"href":"https:\/\/magnetiseurannecy.com\/index.php\/wp-json\/wp\/v2\/types\/page"}],"author":[{"embeddable":true,"href":"https:\/\/magnetiseurannecy.com\/index.php\/wp-json\/wp\/v2\/users\/3"}],"replies":[{"embeddable":true,"href":"https:\/\/magnetiseurannecy.com\/index.php\/wp-json\/wp\/v2\/comments?post=58"}],"version-history":[{"count":32,"href":"https:\/\/magnetiseurannecy.com\/index.php\/wp-json\/wp\/v2\/pages\/58\/revisions"}],"predecessor-version":[{"id":512,"href":"https:\/\/magnetiseurannecy.com\/index.php\/wp-json\/wp\/v2\/pages\/58\/revisions\/512"}],"wp:attachment":[{"href":"https:\/\/magnetiseurannecy.com\/index.php\/wp-json\/wp\/v2\/media?parent=58"}],"curies":[{"name":"wp","href":"https:\/\/api.w.org\/{rel}","templated":true}]}}