{"id":51,"date":"2021-11-12T12:55:28","date_gmt":"2021-11-12T11:55:28","guid":{"rendered":"http:\/\/xnrrvan.cluster031.hosting.ovh.net\/?page_id=51"},"modified":"2025-10-20T10:28:34","modified_gmt":"2025-10-20T08:28:34","slug":"51-2","status":"publish","type":"page","link":"https:\/\/magnetiseurannecy.com\/index.php\/51-2\/","title":{"rendered":"Tarifs"},"content":{"rendered":"\n<p class=\"has-accent-color has-text-color\"><strong>Consultations:<\/strong><\/p>\n\n\n\n<p class=\"has-accent-color has-text-color\">Toutes les consultations sauf les massages peuvent se faire aussi \u00e0 distance.<\/p>\n\n\n\n<p class=\"has-accent-color has-text-color\">Hors  France =  Wathsapp.<\/p>\n\n\n\n<figure class=\"wp-block-table\"><table class=\"has-accent-color has-text-color\"><tbody><tr><td><strong>&#8211; Nettoyage \u00e9nerg\u00e9tique<\/strong> et bilan 1h\/1h15 <strong>100\u20ac<\/strong><\/td><td><\/td><\/tr><\/tbody><\/table><\/figure>\n\n\n\n<figure class=\"wp-block-table has-medium-font-size\"><table class=\"has-accent-color has-text-color\"><tbody><tr><td><strong>-S\u00e9ance de suivi<\/strong> cibl\u00e9e 45 minutes, sur-mesure selon vos besoins. <strong>80\u20ac<\/strong> <br><strong>-Forfait 5 s\u00e9ances <\/strong> \/ th\u00e9rapie guid\u00e9e <strong>350<\/strong>\u20ac <br><strong>-Suivi par radiesth\u00e9sie m\u00e9dicale: 1 semaine matin et soir \u00e0 distance                      80\u20ac<\/strong><br><strong>-Couper le feu<\/strong> ( \u00e0 distance) <strong>50\u20ac<\/strong><br><br><strong>-Stopper l&rsquo;h\u00e9morragie<\/strong> ( \u00e0 distance) <strong>50\u20ac<\/strong><\/td><td><\/td><\/tr><\/tbody><\/table><\/figure>\n\n\n\n<div class=\"wp-block-group\"><div class=\"wp-block-group__inner-container is-layout-constrained wp-block-group-is-layout-constrained\">\n<figure class=\"wp-block-table\"><table class=\"has-accent-color has-text-color\"><tbody><tr><td><strong>&#8211; Massage<\/strong> 1 heure <strong>                                                                                                                                  100\u20ac<\/strong><\/td><td><\/td><\/tr><\/tbody><\/table><\/figure>\n<\/div><\/div>\n\n\n\n<figure class=\"wp-block-table\"><table class=\"has-accent-color has-text-color\"><tbody><tr><td><strong>&#8211; Massage <\/strong>1 heure 15 nm <strong>120\u20ac<\/strong><\/td><td><br><\/td><\/tr><\/tbody><\/table><\/figure>\n\n\n\n<figure class=\"wp-block-table\"><table class=\"has-accent-color has-text-color\"><tbody><tr><td><strong>&#8211; Massage <\/strong>1 heure 30 nm <strong> 150\u20ac<\/strong><br><br><strong>&#8211; Acces Bars <\/strong>1 heure <strong>80\u20ac<\/strong><br>&#8211; Forfait 5 s\u00e9ances <strong>        350\u20ac<\/strong><\/td><td><br><\/td><\/tr><\/tbody><\/table><\/figure>\n\n\n\n<figure class=\"wp-block-table\"><table class=\"has-accent-color has-text-color\"><tbody><tr><td><strong> &#8211; Hypnose MINCIR<\/strong>                                                                                                                     <strong>150 \u20ac<\/strong><\/td><td><br><\/td><\/tr><\/tbody><\/table><figcaption class=\"wp-element-caption\"><strong>N\u00e9cessite une pr\u00e9-s\u00e9ance de nettoyage \u00e9nerg\u00e9tique et test \u00e0 l&rsquo;hypnose (90\u20ac)<\/strong><\/figcaption><\/figure>\n\n\n\n<figure class=\"wp-block-table\"><table class=\"has-accent-color has-text-color\"><tbody><tr><td><strong>&#8211; Hypnose<\/strong>: <strong>STOP TABAC<\/strong> sans prendre un gramme                                                               <strong>150 \u20ac<\/strong><\/td><td><br><\/td><\/tr><\/tbody><\/table><figcaption class=\"wp-element-caption\"><strong>N\u00e9cessite une pr\u00e9-s\u00e9ance de nettoyage \u00e9nerg\u00e9tique et test \u00e0 l&rsquo;hypnose (100\u20ac)<\/strong><\/figcaption><\/figure>\n\n\n\n<p class=\"has-accent-color has-text-color\">  _________________________________________________________________________________________<\/p>\n\n\n\n<p class=\"has-accent-color has-text-color\"><strong>&#8211; ANIMAUX:<\/strong> Uniquement \u00e0 distance sur rdv <strong>50\u20ac<\/strong><\/p>\n\n\n\n<p class=\"has-accent-color has-text-color\"><strong>&#8211; Forfait<\/strong> animaux 3 s\u00e9ances <strong>120\u20ac<\/strong><\/p>\n\n\n\n<figure class=\"wp-block-image size-large is-resized\"><img loading=\"lazy\" decoding=\"async\" width=\"1024\" height=\"768\" src=\"https:\/\/magnetiseurannecy.com\/wp-content\/uploads\/2023\/02\/Neo--1024x768.jpeg\" alt=\"\" class=\"wp-image-248\" style=\"width:195px;height:147px\" srcset=\"https:\/\/magnetiseurannecy.com\/wp-content\/uploads\/2023\/02\/Neo--1024x768.jpeg 1024w, https:\/\/magnetiseurannecy.com\/wp-content\/uploads\/2023\/02\/Neo--300x225.jpeg 300w, https:\/\/magnetiseurannecy.com\/wp-content\/uploads\/2023\/02\/Neo--768x576.jpeg 768w, https:\/\/magnetiseurannecy.com\/wp-content\/uploads\/2023\/02\/Neo--1536x1152.jpeg 1536w, https:\/\/magnetiseurannecy.com\/wp-content\/uploads\/2023\/02\/Neo--2048x1536.jpeg 2048w\" sizes=\"auto, (max-width: 1024px) 100vw, 1024px\" \/><figcaption class=\"wp-element-caption\">Soin magn\u00e9tisme \u00e0 distance animaux<\/figcaption><\/figure>\n\n\n\n<p class=\"has-text-color\" style=\"color:#f60404\">                                                                         <strong>R\u00c8GLEMENTS<\/strong>:<\/p>\n\n\n\n<p class=\"has-text-color\" style=\"color:#f71100\"><strong>Les soins \u00e0 distance sont \u00e0 r\u00e9server et payer \u00e0 leur r\u00e9servation. Idem pour ceux n\u00e9cessitant un d\u00e9placement<\/strong>.<\/p>\n\n\n\n<p class=\"has-text-color\" style=\"color:#f60404\"><strong>Esp\u00e8ces, ch\u00e8ques, Paylib, PayPal<\/strong>.<\/p>\n\n\n\n<p class=\"has-text-color\" style=\"color:#f60404\"><strong>Tout  rdv r\u00e9serv\u00e9 non d\u00e9command\u00e9 24h \u00e0 l&rsquo;avance sera consid\u00e9r\u00e9 comme d\u00fb.<\/strong><\/p>\n\n\n\n<p class=\"has-accent-color has-white-background-color has-text-color has-background\"><strong>Horaires et informations pratiques<\/strong>: Tout les soins qu&rsquo;ils soient en pr\u00e9sence ou \u00e0 distance sont sur rdv.     En cas d&rsquo;extreme urgence t\u00e9l\u00e9phonez svp.<\/p>\n\n\n\n<figure class=\"wp-block-table\"><table class=\"has-white-color has-accent-background-color has-text-color has-background\"><tbody><tr><td>Lundi<\/td><td>9h 12h \/ 14h 19h<\/td><\/tr><tr><td>Mardi<\/td><td>9h  12h \/ 14h 19h<\/td><\/tr><tr><td>Mercredi<\/td><td>9h  12h \/ 14h 19h<\/td><\/tr><tr><td>Jeudi<\/td><td>9h  12h \/ 14h 19h<\/td><\/tr><tr><td>Vendredi<\/td><td>9h  12h \/ 14h 19h<\/td><\/tr><tr><td>Samedi<\/td><td>9h 12h <\/td><\/tr><tr><td>Dimanche<\/td><td><strong>Ferm\u00e9<\/strong><\/td><\/tr><\/tbody><\/table><\/figure>\n\n\n\n<p><\/p>\n\n\n\n<p class=\"has-accent-color has-text-color\"><strong>&#8211; Remboursement<\/strong> possible selon votre mutuelle: Facture sur demande.<\/p>\n\n\n\n<p class=\"has-accent-color has-text-color\"><strong>&#8211; Le cabine<\/strong>t est accessible en transports en commun : <strong>Arr\u00eat bus Palais de justice.<\/strong><\/p>\n\n\n\n<p class=\"has-accent-color has-text-color\"><strong>&#8211;<\/strong> <strong>Parking <\/strong> \u00e0 proximit\u00e9 tous payants. Bonlieu \/ Palais de justice\/ Pr\u00e9fecture.<\/p>\n\n\n\n<p class=\"has-accent-color has-text-color\">Pour toute information suppl\u00e9mentaire, n&rsquo;h\u00e9sitez pas \u00e0 me contacter.<\/p>\n\n\n\n<p class=\"has-accent-color has-text-color\"><strong><a href=\"https:\/\/app.simplebo.net\/site\/U4gPXWZtmCIwCOVyuT56fQ\/content\/prendre-rendez-vous-therapeute-energeticienne-annecy-le-vieux\">Contacter Marie-eVe Roumy<\/a>: 06 37 69 17 99<\/strong><\/p>\n","protected":false},"excerpt":{"rendered":"<p>Consultations: Toutes les consultations sauf les massages peuvent se faire aussi \u00e0 distance. Hors France = Wathsapp. &#8211; Nettoyage \u00e9nerg\u00e9tique et bilan 1h\/1h15 100\u20ac -S\u00e9ance de suivi cibl\u00e9e 45 minutes, sur-mesure selon vos besoins. 80\u20ac -Forfait 5 s\u00e9ances \/ th\u00e9rapie guid\u00e9e 350\u20ac -Suivi par radiesth\u00e9sie m\u00e9dicale: 1 semaine matin et [&hellip;]<\/p>\n","protected":false},"author":3,"featured_media":0,"parent":0,"menu_order":0,"comment_status":"closed","ping_status":"closed","template":"","meta":{"footnotes":""},"class_list":["post-51","page","type-page","status-publish","hentry"],"_links":{"self":[{"href":"https:\/\/magnetiseurannecy.com\/index.php\/wp-json\/wp\/v2\/pages\/51","targetHints":{"allow":["GET"]}}],"collection":[{"href":"https:\/\/magnetiseurannecy.com\/index.php\/wp-json\/wp\/v2\/pages"}],"about":[{"href":"https:\/\/magnetiseurannecy.com\/index.php\/wp-json\/wp\/v2\/types\/page"}],"author":[{"embeddable":true,"href":"https:\/\/magnetiseurannecy.com\/index.php\/wp-json\/wp\/v2\/users\/3"}],"replies":[{"embeddable":true,"href":"https:\/\/magnetiseurannecy.com\/index.php\/wp-json\/wp\/v2\/comments?post=51"}],"version-history":[{"count":40,"href":"https:\/\/magnetiseurannecy.com\/index.php\/wp-json\/wp\/v2\/pages\/51\/revisions"}],"predecessor-version":[{"id":522,"href":"https:\/\/magnetiseurannecy.com\/index.php\/wp-json\/wp\/v2\/pages\/51\/revisions\/522"}],"wp:attachment":[{"href":"https:\/\/magnetiseurannecy.com\/index.php\/wp-json\/wp\/v2\/media?parent=51"}],"curies":[{"name":"wp","href":"https:\/\/api.w.org\/{rel}","templated":true}]}}